{"id":11,"date":"2024-02-24T09:53:37","date_gmt":"2024-02-24T08:53:37","guid":{"rendered":"https:\/\/serviciosagricolaselcortijuelo.es\/?page_id=11"},"modified":"2024-02-28T10:03:09","modified_gmt":"2024-02-28T09:03:09","slug":"servicios-agricolas-el-cortijuelo","status":"publish","type":"page","link":"https:\/\/serviciosagricolaselcortijuelo.es\/","title":{"rendered":"SERVICIOS AGRICOLAS EL CORTIJUELO"},"content":{"rendered":"\n<div class=\"wp-block-cover\"><span aria-hidden=\"true\" class=\"wp-block-cover__background has-background-dim\"><\/span><img loading=\"lazy\" decoding=\"async\" width=\"2560\" height=\"1696\" class=\"wp-block-cover__image-background wp-image-121\" alt=\"\" src=\"http:\/\/serviciosagricolaselcortijuelo.es\/wp-content\/uploads\/2024\/02\/olivo-scaled.jpg\" data-object-fit=\"cover\" srcset=\"https:\/\/serviciosagricolaselcortijuelo.es\/wp-content\/uploads\/2024\/02\/olivo-scaled.jpg 2560w, https:\/\/serviciosagricolaselcortijuelo.es\/wp-content\/uploads\/2024\/02\/olivo-300x199.jpg 300w, https:\/\/serviciosagricolaselcortijuelo.es\/wp-content\/uploads\/2024\/02\/olivo-1024x678.jpg 1024w, https:\/\/serviciosagricolaselcortijuelo.es\/wp-content\/uploads\/2024\/02\/olivo-768x509.jpg 768w, https:\/\/serviciosagricolaselcortijuelo.es\/wp-content\/uploads\/2024\/02\/olivo-1536x1017.jpg 1536w, https:\/\/serviciosagricolaselcortijuelo.es\/wp-content\/uploads\/2024\/02\/olivo-2048x1356.jpg 2048w\" sizes=\"(max-width: 2560px) 100vw, 2560px\" \/><div class=\"wp-block-cover__inner-container is-layout-constrained wp-block-cover-is-layout-constrained\">\n<p>Somos una empresa de <strong>Servicios Agr\u00edcolas en Granada<\/strong> con m\u00e1s de 40 a\u00f1os de experiencia en el sector agr\u00edcola, existen diversas tareas y servicios necesarios para garantizar el correcto desarrollo de los cultivos. Uno de los servicios m\u00e1s demandados es la recogida de aceituna, especialmente en regiones donde este fruto es una parte fundamental de la econom\u00eda local.<\/p>\n\n\n\n<p class=\"has-medium-font-size\">La recogida de aceituna es una labor minuciosa que requiere de experiencia y conocimiento. Para ello,  ofrecemos servicios especializados en esta tarea, brindando a los agricultores la tranquilidad de contar con personal capacitado y herramientas adecuadas para realizar el trabajo de manera eficiente.<\/p>\n<\/div><\/div>\n\n\n\n<p>Adem\u00e1s de la recogida de aceituna, en Servicios agr\u00edcolas el cortijuelo nos encargamos de otras labores de campo. Estas pueden incluir la poda de \u00e1rboles, triturado de ramas, desbrozado de suelos,  la siembra de semillas, el control de plagas y enfermedades con nuestro equipo de atomizadores, entre otras. Realizamos nuestros <strong>servicios agr\u00edcolas en Granada como en el resto de Andaluc\u00eda<\/strong>.<\/p>\n\n\n\n<figure class=\"wp-block-image size-large is-resized\"><img loading=\"lazy\" decoding=\"async\" width=\"1024\" height=\"576\" src=\"https:\/\/serviciosagricolaselcortijuelo.es\/wp-content\/uploads\/2024\/02\/vlcsnap-2021-06-11-13h35m54s534-1-1024x576.png\" alt=\"servicios agricolas en granada\" class=\"wp-image-100\" style=\"width:1120px;height:auto\" srcset=\"https:\/\/serviciosagricolaselcortijuelo.es\/wp-content\/uploads\/2024\/02\/vlcsnap-2021-06-11-13h35m54s534-1-1024x576.png 1024w, https:\/\/serviciosagricolaselcortijuelo.es\/wp-content\/uploads\/2024\/02\/vlcsnap-2021-06-11-13h35m54s534-1-300x169.png 300w, https:\/\/serviciosagricolaselcortijuelo.es\/wp-content\/uploads\/2024\/02\/vlcsnap-2021-06-11-13h35m54s534-1-768x432.png 768w, https:\/\/serviciosagricolaselcortijuelo.es\/wp-content\/uploads\/2024\/02\/vlcsnap-2021-06-11-13h35m54s534-1-1536x864.png 1536w, https:\/\/serviciosagricolaselcortijuelo.es\/wp-content\/uploads\/2024\/02\/vlcsnap-2021-06-11-13h35m54s534-1.png 1920w\" sizes=\"(max-width: 1024px) 100vw, 1024px\" \/><\/figure>\n\n\n\n<p>La siembra de semillas es otro servicio que ofrecemos. Esta tarea consiste en colocar las semillas en el suelo de manera adecuada, siguiendo las indicaciones espec\u00edficas de cada cultivo. La correcta siembra de las semillas es fundamental para asegurar una buena germinaci\u00f3n y un desarrollo saludable de las plantas.<\/p>\n\n\n\n<figure class=\"wp-block-image size-large is-resized\"><img loading=\"lazy\" decoding=\"async\" width=\"1024\" height=\"576\" src=\"https:\/\/serviciosagricolaselcortijuelo.es\/wp-content\/uploads\/2024\/02\/vlcsnap-2021-06-30-10h26m56s568-1024x576.png\" alt=\"\" class=\"wp-image-102\" style=\"width:1120px;height:auto\" srcset=\"https:\/\/serviciosagricolaselcortijuelo.es\/wp-content\/uploads\/2024\/02\/vlcsnap-2021-06-30-10h26m56s568-1024x576.png 1024w, https:\/\/serviciosagricolaselcortijuelo.es\/wp-content\/uploads\/2024\/02\/vlcsnap-2021-06-30-10h26m56s568-300x169.png 300w, https:\/\/serviciosagricolaselcortijuelo.es\/wp-content\/uploads\/2024\/02\/vlcsnap-2021-06-30-10h26m56s568-768x432.png 768w, https:\/\/serviciosagricolaselcortijuelo.es\/wp-content\/uploads\/2024\/02\/vlcsnap-2021-06-30-10h26m56s568-1536x864.png 1536w, https:\/\/serviciosagricolaselcortijuelo.es\/wp-content\/uploads\/2024\/02\/vlcsnap-2021-06-30-10h26m56s568.png 1920w\" sizes=\"(max-width: 1024px) 100vw, 1024px\" \/><\/figure>\n\n\n\n<p>Otro servicio importante que ofrecemos es el control de plagas y enfermedades. Los cultivos est\u00e1n expuestos a diversas amenazas, como insectos, hongos y enfermedades que pueden afectar su crecimiento y producci\u00f3n. Las empresas agr\u00edcolas cuentan con profesionales capacitados para identificar y controlar estas plagas, utilizando m\u00e9todos seguros y respetuosos con el medio ambiente.<\/p>\n\n\n\n<figure class=\"wp-block-image size-large is-resized\"><img loading=\"lazy\" decoding=\"async\" width=\"1024\" height=\"576\" src=\"https:\/\/serviciosagricolaselcortijuelo.es\/wp-content\/uploads\/2024\/02\/vlcsnap-2021-06-11-13h37m06s777-1024x576.png\" alt=\"\" class=\"wp-image-103\" style=\"width:1116px;height:auto\" srcset=\"https:\/\/serviciosagricolaselcortijuelo.es\/wp-content\/uploads\/2024\/02\/vlcsnap-2021-06-11-13h37m06s777-1024x576.png 1024w, https:\/\/serviciosagricolaselcortijuelo.es\/wp-content\/uploads\/2024\/02\/vlcsnap-2021-06-11-13h37m06s777-300x169.png 300w, https:\/\/serviciosagricolaselcortijuelo.es\/wp-content\/uploads\/2024\/02\/vlcsnap-2021-06-11-13h37m06s777-768x432.png 768w, https:\/\/serviciosagricolaselcortijuelo.es\/wp-content\/uploads\/2024\/02\/vlcsnap-2021-06-11-13h37m06s777-1536x864.png 1536w, https:\/\/serviciosagricolaselcortijuelo.es\/wp-content\/uploads\/2024\/02\/vlcsnap-2021-06-11-13h37m06s777.png 1920w\" sizes=\"(max-width: 1024px) 100vw, 1024px\" \/><\/figure>\n\n\n\n<p>En resumen, en Servicios agr\u00edcolas el cortijuelo desempe\u00f1amos un papel fundamental en el sector, ofreciendo soluciones especializadas para las diversas labores de campo. Ya sea la recogida de aceituna, la poda de \u00e1rboles, la siembra de semillas, el riego de los cultivos o el control de plagas,  brindamos a los agricultores la tranquilidad de contar con personal capacitado y herramientas adecuadas para garantizar el \u00e9xito de sus cultivos.<\/p>\n\n\n\n<figure class=\"wp-block-image size-large\"><img loading=\"lazy\" decoding=\"async\" width=\"1024\" height=\"367\" src=\"https:\/\/serviciosagricolaselcortijuelo.es\/wp-content\/uploads\/2024\/02\/logotipo-1-1-1024x367.jpg\" alt=\"\" class=\"wp-image-117\" srcset=\"https:\/\/serviciosagricolaselcortijuelo.es\/wp-content\/uploads\/2024\/02\/logotipo-1-1-1024x367.jpg 1024w, https:\/\/serviciosagricolaselcortijuelo.es\/wp-content\/uploads\/2024\/02\/logotipo-1-1-300x107.jpg 300w, https:\/\/serviciosagricolaselcortijuelo.es\/wp-content\/uploads\/2024\/02\/logotipo-1-1-768x275.jpg 768w, https:\/\/serviciosagricolaselcortijuelo.es\/wp-content\/uploads\/2024\/02\/logotipo-1-1-1536x550.jpg 1536w, https:\/\/serviciosagricolaselcortijuelo.es\/wp-content\/uploads\/2024\/02\/logotipo-1-1.jpg 1600w\" sizes=\"(max-width: 1024px) 100vw, 1024px\" \/><\/figure>\n","protected":false},"excerpt":{"rendered":"<p>Adem\u00e1s de la recogida de aceituna, en Servicios agr\u00edcolas el cortijuelo nos encargamos de otras labores de campo. Estas pueden incluir la poda de \u00e1rboles, triturado de ramas, desbrozado de suelos, la siembra de semillas, el control de plagas y enfermedades con nuestro equipo de atomizadores, entre otras. Realizamos nuestros servicios agr\u00edcolas en Granada como &#8230; <a title=\"SERVICIOS AGRICOLAS EL CORTIJUELO\" class=\"read-more\" href=\"https:\/\/serviciosagricolaselcortijuelo.es\/\" aria-label=\"Read more about SERVICIOS AGRICOLAS EL CORTIJUELO\">Read more<\/a><\/p>\n","protected":false},"author":1,"featured_media":99,"parent":0,"menu_order":0,"comment_status":"closed","ping_status":"closed","template":"","meta":{"footnotes":""},"_links":{"self":[{"href":"https:\/\/serviciosagricolaselcortijuelo.es\/index.php\/wp-json\/wp\/v2\/pages\/11"}],"collection":[{"href":"https:\/\/serviciosagricolaselcortijuelo.es\/index.php\/wp-json\/wp\/v2\/pages"}],"about":[{"href":"https:\/\/serviciosagricolaselcortijuelo.es\/index.php\/wp-json\/wp\/v2\/types\/page"}],"author":[{"embeddable":true,"href":"https:\/\/serviciosagricolaselcortijuelo.es\/index.php\/wp-json\/wp\/v2\/users\/1"}],"replies":[{"embeddable":true,"href":"https:\/\/serviciosagricolaselcortijuelo.es\/index.php\/wp-json\/wp\/v2\/comments?post=11"}],"version-history":[{"count":10,"href":"https:\/\/serviciosagricolaselcortijuelo.es\/index.php\/wp-json\/wp\/v2\/pages\/11\/revisions"}],"predecessor-version":[{"id":124,"href":"https:\/\/serviciosagricolaselcortijuelo.es\/index.php\/wp-json\/wp\/v2\/pages\/11\/revisions\/124"}],"wp:featuredmedia":[{"embeddable":true,"href":"https:\/\/serviciosagricolaselcortijuelo.es\/index.php\/wp-json\/wp\/v2\/media\/99"}],"wp:attachment":[{"href":"https:\/\/serviciosagricolaselcortijuelo.es\/index.php\/wp-json\/wp\/v2\/media?parent=11"}],"curies":[{"name":"wp","href":"https:\/\/api.w.org\/{rel}","templated":true}]}}