{"id":46,"date":"2024-02-24T15:38:16","date_gmt":"2024-02-24T14:38:16","guid":{"rendered":"https:\/\/serviciosagricolaselcortijuelo.es\/?page_id=46"},"modified":"2024-02-24T16:15:17","modified_gmt":"2024-02-24T15:15:17","slug":"aplicacion-de-herbicidas","status":"publish","type":"page","link":"https:\/\/serviciosagricolaselcortijuelo.es\/index.php\/aplicacion-de-herbicidas\/","title":{"rendered":"APLICACI\u00d3N DE HERBICIDAS"},"content":{"rendered":"\n<p><strong><br><\/strong><\/p>\n\n\n\n<p><strong>Control de Maleza con Excelencia: Barras Herbicidas de Vanguardia para Optimizaci\u00f3n y Resultados Sobresalientes, con el Toque de Profesionales Cualificados<\/strong><\/p>\n\n\n\n<p>En nuestro compromiso constante con la excelencia agr\u00edcola, ofrecemos un servicio especializado en el tratamiento de herbicidas utilizando las mejores barras herbicidas de \u00faltima generaci\u00f3n. Nuestra tecnolog\u00eda avanzada asegura una aplicaci\u00f3n precisa y uniforme de los herbicidas, permitiendo un control efectivo de la maleza y proporcionando resultados sobresalientes en la salud de su cultivo.<\/p>\n\n\n\n<p>Lo que distingue nuestro servicio es la participaci\u00f3n activa de personal altamente cualificado. Nuestros profesionales, con una amplia experiencia en el campo, no solo operan las barras herbicidas con destreza, sino que tambi\u00e9n aplican su conocimiento para adaptar el tratamiento a las necesidades espec\u00edficas de su cultivo. La combinaci\u00f3n de tecnolog\u00eda de vanguardia y la destreza de nuestro equipo garantiza un control de maleza eficiente y preciso.<\/p>\n\n\n\n<p>Las barras herbicidas que implementamos est\u00e1n dise\u00f1adas para maximizar la eficiencia en la distribuci\u00f3n del herbicida, reduciendo al m\u00ednimo la deriva y garantizando una cobertura completa. Esto no solo optimiza el uso del producto, sino que tambi\u00e9n minimiza los riesgos asociados con tratamientos herbicidas.<\/p>\n\n\n\n<p>Nuestro enfoque se centra en el aprovechamiento m\u00e1ximo del herbicida, asegurando que cada aplicaci\u00f3n sea eficaz en el control de maleza espec\u00edfica. La precisi\u00f3n de nuestras barras herbicidas no solo contribuye a la eliminaci\u00f3n selectiva de maleza, sino que tambi\u00e9n reduce los costos operativos asociados al minimizar el desperdicio de herbicida.<\/p>\n\n\n\n<p>Al elegir nuestros servicios, usted garantiza un tratamiento de herbicidas que no solo preserva la salud de su cultivo, sino que tambi\u00e9n promueve la sostenibilidad agr\u00edcola al reducir la cantidad de productos qu\u00edmicos utilizados. Conf\u00ede en nosotros para obtener los mejores resultados en el control de maleza y experimente el poder de la tecnolog\u00eda de punta aplicada a su campo, respaldada por el compromiso y la experiencia de nuestro personal altamente cualificado.<\/p>\n\n\n\n<figure class=\"wp-block-embed is-type-video is-provider-youtube wp-block-embed-youtube wp-embed-aspect-16-9 wp-has-aspect-ratio\"><div class=\"wp-block-embed__wrapper\">\n<iframe loading=\"lazy\" title=\"BARRA HERBICIDA \ud83c\udf3f (delantera Tractor \ud83d\ude9c)\" width=\"1200\" height=\"675\" src=\"https:\/\/www.youtube.com\/embed\/mRauyyHGlzQ?feature=oembed\" frameborder=\"0\" allow=\"accelerometer; autoplay; clipboard-write; encrypted-media; gyroscope; picture-in-picture; web-share\" allowfullscreen><\/iframe>\n<\/div><\/figure>\n\n\n\n<figure class=\"wp-block-image\"><img loading=\"lazy\" decoding=\"async\" width=\"1920\" height=\"1080\" src=\"https:\/\/serviciosagricolaselcortijuelo.es\/wp-content\/uploads\/2024\/02\/vlcsnap-2021-06-24-19h51m37s989.png\" alt=\"\" class=\"wp-image-86\" srcset=\"https:\/\/serviciosagricolaselcortijuelo.es\/wp-content\/uploads\/2024\/02\/vlcsnap-2021-06-24-19h51m37s989.png 1920w, https:\/\/serviciosagricolaselcortijuelo.es\/wp-content\/uploads\/2024\/02\/vlcsnap-2021-06-24-19h51m37s989-300x169.png 300w, https:\/\/serviciosagricolaselcortijuelo.es\/wp-content\/uploads\/2024\/02\/vlcsnap-2021-06-24-19h51m37s989-1024x576.png 1024w, https:\/\/serviciosagricolaselcortijuelo.es\/wp-content\/uploads\/2024\/02\/vlcsnap-2021-06-24-19h51m37s989-768x432.png 768w, https:\/\/serviciosagricolaselcortijuelo.es\/wp-content\/uploads\/2024\/02\/vlcsnap-2021-06-24-19h51m37s989-1536x864.png 1536w\" sizes=\"(max-width: 1920px) 100vw, 1920px\" \/><\/figure>\n","protected":false},"excerpt":{"rendered":"<p>Control de Maleza con Excelencia: Barras Herbicidas de Vanguardia para Optimizaci\u00f3n y Resultados Sobresalientes, con el Toque de Profesionales Cualificados En nuestro compromiso constante con la excelencia agr\u00edcola, ofrecemos un servicio especializado en el tratamiento de herbicidas utilizando las mejores barras herbicidas de \u00faltima generaci\u00f3n. Nuestra tecnolog\u00eda avanzada asegura una aplicaci\u00f3n precisa y uniforme de &#8230; <a title=\"APLICACI\u00d3N DE HERBICIDAS\" class=\"read-more\" href=\"https:\/\/serviciosagricolaselcortijuelo.es\/index.php\/aplicacion-de-herbicidas\/\" aria-label=\"Read more about APLICACI\u00d3N DE HERBICIDAS\">Read more<\/a><\/p>\n","protected":false},"author":1,"featured_media":86,"parent":0,"menu_order":0,"comment_status":"closed","ping_status":"closed","template":"","meta":{"footnotes":""},"_links":{"self":[{"href":"https:\/\/serviciosagricolaselcortijuelo.es\/index.php\/wp-json\/wp\/v2\/pages\/46"}],"collection":[{"href":"https:\/\/serviciosagricolaselcortijuelo.es\/index.php\/wp-json\/wp\/v2\/pages"}],"about":[{"href":"https:\/\/serviciosagricolaselcortijuelo.es\/index.php\/wp-json\/wp\/v2\/types\/page"}],"author":[{"embeddable":true,"href":"https:\/\/serviciosagricolaselcortijuelo.es\/index.php\/wp-json\/wp\/v2\/users\/1"}],"replies":[{"embeddable":true,"href":"https:\/\/serviciosagricolaselcortijuelo.es\/index.php\/wp-json\/wp\/v2\/comments?post=46"}],"version-history":[{"count":3,"href":"https:\/\/serviciosagricolaselcortijuelo.es\/index.php\/wp-json\/wp\/v2\/pages\/46\/revisions"}],"predecessor-version":[{"id":90,"href":"https:\/\/serviciosagricolaselcortijuelo.es\/index.php\/wp-json\/wp\/v2\/pages\/46\/revisions\/90"}],"wp:featuredmedia":[{"embeddable":true,"href":"https:\/\/serviciosagricolaselcortijuelo.es\/index.php\/wp-json\/wp\/v2\/media\/86"}],"wp:attachment":[{"href":"https:\/\/serviciosagricolaselcortijuelo.es\/index.php\/wp-json\/wp\/v2\/media?parent=46"}],"curies":[{"name":"wp","href":"https:\/\/api.w.org\/{rel}","templated":true}]}}