{"id":53,"date":"2024-02-24T15:45:47","date_gmt":"2024-02-24T14:45:47","guid":{"rendered":"https:\/\/serviciosagricolaselcortijuelo.es\/?page_id=53"},"modified":"2024-02-24T16:20:44","modified_gmt":"2024-02-24T15:20:44","slug":"servicio-de-desbrozadora","status":"publish","type":"page","link":"https:\/\/serviciosagricolaselcortijuelo.es\/index.php\/servicio-de-desbrozadora\/","title":{"rendered":"SERVICIO DE DESBROZADORA"},"content":{"rendered":"\n<p><strong> Resultados Inigualables con Desbrozadoras de \u00daltima Generaci\u00f3n y Personal Altamente Cualificado, Incluyendo Desbrozadoras Telesc\u00f3picas para Accesos Dif\u00edciles<\/strong><\/p>\n\n\n\n<p>En nuestra b\u00fasqueda constante de proporcionar servicios agr\u00edcolas de la m\u00e1s alta calidad, nos enorgullece presentar nuestro servicio de desbrozado, ejecutado por un equipo de profesionales altamente cualificados y respaldado por desbrozadoras de primeras marcas. La combinaci\u00f3n de habilidades expertas y tecnolog\u00eda avanzada nos permite ofrecer resultados inigualables en el control de vegetaci\u00f3n no deseada.<\/p>\n\n\n\n<p>Nuestro personal cualificado no solo posee un profundo conocimiento en t\u00e9cnicas de desbrozado, sino que tambi\u00e9n comprende la importancia de adaptar cada intervenci\u00f3n a las caracter\u00edsticas espec\u00edficas de su terreno. Utilizando desbrozadoras de \u00faltima generaci\u00f3n, garantizamos una eficiencia sin igual en la eliminaci\u00f3n de maleza, arbustos y vegetaci\u00f3n no deseada, manteniendo al mismo tiempo la integridad de su \u00e1rea cultivada.<\/p>\n\n\n\n<p>Destacamos a\u00fan m\u00e1s nuestro compromiso con la excelencia al ofrecer desbrozadoras telesc\u00f3picas que nos permiten acceder a sitios m\u00e1s complicados y de dif\u00edcil acceso. Esta capacidad adicional asegura que ning\u00fan rinc\u00f3n de su terreno quede sin tratar, proporcionando un desbrozado completo y meticuloso.<\/p>\n\n\n\n<p>La tecnolog\u00eda avanzada de nuestras desbrozadoras no solo optimiza la eficiencia del proceso, sino que tambi\u00e9n minimiza los residuos, contribuyendo as\u00ed a la sostenibilidad agr\u00edcola. Al confiar en nuestros servicios, no solo obtendr\u00e1 un desbroce impecable, sino que tambi\u00e9n disfrutar\u00e1 de la tranquilidad de saber que su terreno est\u00e1 en manos de profesionales dedicados que utilizan lo \u00faltimo en equipos. D\u00e9jenos llevar su terreno a nuevos niveles de orden y prosperidad. Cont\u00e1ctenos para experimentar la diferencia de un desbrozado de excelencia, incluso en los lugares m\u00e1s desafiantes.<\/p>\n\n\n\n<p><\/p>\n\n\n\n<figure class=\"wp-block-embed is-type-video is-provider-youtube wp-block-embed-youtube wp-embed-aspect-16-9 wp-has-aspect-ratio\"><div class=\"wp-block-embed__wrapper\">\n<iframe loading=\"lazy\" title=\"DESBROZADORA \ud83d\ude9c TRITURADORA \ud83e\udd40[Desbrozando hierba en el olivar] \ud83c\udf33\" width=\"1200\" height=\"675\" src=\"https:\/\/www.youtube.com\/embed\/Oo8Ibu_q2KM?start=128&#038;feature=oembed\" frameborder=\"0\" allow=\"accelerometer; autoplay; clipboard-write; encrypted-media; gyroscope; picture-in-picture; web-share\" allowfullscreen><\/iframe>\n<\/div><\/figure>\n","protected":false},"excerpt":{"rendered":"<p>Resultados Inigualables con Desbrozadoras de \u00daltima Generaci\u00f3n y Personal Altamente Cualificado, Incluyendo Desbrozadoras Telesc\u00f3picas para Accesos Dif\u00edciles En nuestra b\u00fasqueda constante de proporcionar servicios agr\u00edcolas de la m\u00e1s alta calidad, nos enorgullece presentar nuestro servicio de desbrozado, ejecutado por un equipo de profesionales altamente cualificados y respaldado por desbrozadoras de primeras marcas. La combinaci\u00f3n de &#8230; <a title=\"SERVICIO DE DESBROZADORA\" class=\"read-more\" href=\"https:\/\/serviciosagricolaselcortijuelo.es\/index.php\/servicio-de-desbrozadora\/\" aria-label=\"Read more about SERVICIO DE DESBROZADORA\">Read more<\/a><\/p>\n","protected":false},"author":1,"featured_media":97,"parent":0,"menu_order":0,"comment_status":"closed","ping_status":"closed","template":"","meta":{"footnotes":""},"_links":{"self":[{"href":"https:\/\/serviciosagricolaselcortijuelo.es\/index.php\/wp-json\/wp\/v2\/pages\/53"}],"collection":[{"href":"https:\/\/serviciosagricolaselcortijuelo.es\/index.php\/wp-json\/wp\/v2\/pages"}],"about":[{"href":"https:\/\/serviciosagricolaselcortijuelo.es\/index.php\/wp-json\/wp\/v2\/types\/page"}],"author":[{"embeddable":true,"href":"https:\/\/serviciosagricolaselcortijuelo.es\/index.php\/wp-json\/wp\/v2\/users\/1"}],"replies":[{"embeddable":true,"href":"https:\/\/serviciosagricolaselcortijuelo.es\/index.php\/wp-json\/wp\/v2\/comments?post=53"}],"version-history":[{"count":1,"href":"https:\/\/serviciosagricolaselcortijuelo.es\/index.php\/wp-json\/wp\/v2\/pages\/53\/revisions"}],"predecessor-version":[{"id":54,"href":"https:\/\/serviciosagricolaselcortijuelo.es\/index.php\/wp-json\/wp\/v2\/pages\/53\/revisions\/54"}],"wp:featuredmedia":[{"embeddable":true,"href":"https:\/\/serviciosagricolaselcortijuelo.es\/index.php\/wp-json\/wp\/v2\/media\/97"}],"wp:attachment":[{"href":"https:\/\/serviciosagricolaselcortijuelo.es\/index.php\/wp-json\/wp\/v2\/media?parent=53"}],"curies":[{"name":"wp","href":"https:\/\/api.w.org\/{rel}","templated":true}]}}