{"id":55,"date":"2024-02-24T15:51:52","date_gmt":"2024-02-24T14:51:52","guid":{"rendered":"https:\/\/serviciosagricolaselcortijuelo.es\/?page_id=55"},"modified":"2024-02-24T16:21:01","modified_gmt":"2024-02-24T15:21:01","slug":"trituradora-de-ramas","status":"publish","type":"page","link":"https:\/\/serviciosagricolaselcortijuelo.es\/index.php\/trituradora-de-ramas\/","title":{"rendered":"TRITURADORA DE RAMAS"},"content":{"rendered":"\n<p><strong><br>Triturado de Ramas y Restos de Poda: Eficiencia y Sostenibilidad con Trituradoras de Primeras Marcas<\/strong><\/p>\n\n\n\n<p>En nuestra plataforma de servicios agr\u00edcolas,  destacamos por ofrecer un servicio especializado de triturado de ramas y restos de poda, respaldado por trituradoras de primeras marcas que garantizan un procesamiento eficiente y sostenible. Nuestra maquinaria de vanguardia no solo tritura de manera efectiva los residuos vegetales, sino que tambi\u00e9n optimiza la transformaci\u00f3n de estos desechos en valiosa materia org\u00e1nica.<\/p>\n\n\n\n<p>Las ventajas de nuestro servicio son m\u00faltiples. En primer lugar, la utilizaci\u00f3n de las mejores trituradoras del mercado asegura una reducci\u00f3n significativa en el tama\u00f1o de los residuos, facilitando su gesti\u00f3n y eliminaci\u00f3n. Adem\u00e1s, este proceso de triturado acelera la descomposici\u00f3n natural de la materia org\u00e1nica, generando compost de alta calidad que puede ser reintegrado al suelo como fertilizante, enriqueciendo la tierra con nutrientes esenciales y promoviendo la sostenibilidad agr\u00edcola.<\/p>\n\n\n\n<p>El enfoque en la producci\u00f3n de materia org\u00e1nica resultante de nuestro servicio no solo contribuye a la reducci\u00f3n de residuos, sino que tambi\u00e9n refleja nuestro compromiso con pr\u00e1cticas agr\u00edcolas respetuosas con el medio ambiente. Optar por nuestro servicio de triturado no solo significa una gesti\u00f3n eficiente de los residuos, sino tambi\u00e9n una inversi\u00f3n en el fortalecimiento de la salud de su suelo y la promoci\u00f3n de un ciclo agr\u00edcola sostenible. Cont\u00e1ctenos para descubrir c\u00f3mo podemos transformar sus residuos de poda en recursos valiosos para su tierra.<\/p>\n\n\n\n<p><\/p>\n\n\n\n<figure class=\"wp-block-embed is-type-video is-provider-youtube wp-block-embed-youtube wp-embed-aspect-16-9 wp-has-aspect-ratio\"><div class=\"wp-block-embed__wrapper\">\n<iframe loading=\"lazy\" title=\"PICADORA DE RAMAS \ud83c\udf3f [TMC Cancela] \ud83d\ude9c Case CVX 170\" width=\"1200\" height=\"675\" src=\"https:\/\/www.youtube.com\/embed\/YUR8TJyiyCg?feature=oembed\" frameborder=\"0\" allow=\"accelerometer; autoplay; clipboard-write; encrypted-media; gyroscope; picture-in-picture; web-share\" allowfullscreen><\/iframe>\n<\/div><\/figure>\n","protected":false},"excerpt":{"rendered":"<p>Triturado de Ramas y Restos de Poda: Eficiencia y Sostenibilidad con Trituradoras de Primeras Marcas En nuestra plataforma de servicios agr\u00edcolas, destacamos por ofrecer un servicio especializado de triturado de ramas y restos de poda, respaldado por trituradoras de primeras marcas que garantizan un procesamiento eficiente y sostenible. Nuestra maquinaria de vanguardia no solo tritura &#8230; <a title=\"TRITURADORA DE RAMAS\" class=\"read-more\" href=\"https:\/\/serviciosagricolaselcortijuelo.es\/index.php\/trituradora-de-ramas\/\" aria-label=\"Read more about TRITURADORA DE RAMAS\">Read more<\/a><\/p>\n","protected":false},"author":1,"featured_media":96,"parent":0,"menu_order":0,"comment_status":"closed","ping_status":"closed","template":"","meta":{"footnotes":""},"_links":{"self":[{"href":"https:\/\/serviciosagricolaselcortijuelo.es\/index.php\/wp-json\/wp\/v2\/pages\/55"}],"collection":[{"href":"https:\/\/serviciosagricolaselcortijuelo.es\/index.php\/wp-json\/wp\/v2\/pages"}],"about":[{"href":"https:\/\/serviciosagricolaselcortijuelo.es\/index.php\/wp-json\/wp\/v2\/types\/page"}],"author":[{"embeddable":true,"href":"https:\/\/serviciosagricolaselcortijuelo.es\/index.php\/wp-json\/wp\/v2\/users\/1"}],"replies":[{"embeddable":true,"href":"https:\/\/serviciosagricolaselcortijuelo.es\/index.php\/wp-json\/wp\/v2\/comments?post=55"}],"version-history":[{"count":1,"href":"https:\/\/serviciosagricolaselcortijuelo.es\/index.php\/wp-json\/wp\/v2\/pages\/55\/revisions"}],"predecessor-version":[{"id":56,"href":"https:\/\/serviciosagricolaselcortijuelo.es\/index.php\/wp-json\/wp\/v2\/pages\/55\/revisions\/56"}],"wp:featuredmedia":[{"embeddable":true,"href":"https:\/\/serviciosagricolaselcortijuelo.es\/index.php\/wp-json\/wp\/v2\/media\/96"}],"wp:attachment":[{"href":"https:\/\/serviciosagricolaselcortijuelo.es\/index.php\/wp-json\/wp\/v2\/media?parent=55"}],"curies":[{"name":"wp","href":"https:\/\/api.w.org\/{rel}","templated":true}]}}