{"id":65,"date":"2024-02-24T16:00:35","date_gmt":"2024-02-24T15:00:35","guid":{"rendered":"https:\/\/serviciosagricolaselcortijuelo.es\/?page_id=65"},"modified":"2024-02-24T16:21:40","modified_gmt":"2024-02-24T15:21:40","slug":"siembra-de-cereales","status":"publish","type":"page","link":"https:\/\/serviciosagricolaselcortijuelo.es\/index.php\/siembra-de-cereales\/","title":{"rendered":"SIEMBRA DE CEREALES"},"content":{"rendered":"\n<p><strong><br>Siembra de Cereales: Innovaci\u00f3n, Optimizaci\u00f3n y Ahorro Econ\u00f3mico en Cada Grano<\/strong><\/p>\n\n\n\n<p>En nuestra plataforma de servicios agr\u00edcolas, nos enorgullece presentar nuestro servicio especializado de siembra de cereales, donde combinamos la tradici\u00f3n agr\u00edcola con la m\u00e1s avanzada tecnolog\u00eda. Nuestra maquinaria de siembra de \u00faltima generaci\u00f3n garantiza una distribuci\u00f3n precisa y uniforme de las semillas, optimizando cada etapa del proceso para lograr un crecimiento robusto y saludable de los cereales.<\/p>\n\n\n\n<p>Las ventajas de nuestra metodolog\u00eda son evidentes. La precisi\u00f3n de nuestras m\u00e1quinas no solo garantiza un aprovechamiento \u00f3ptimo del terreno, sino que tambi\u00e9n minimiza el desperdicio de semillas, lo que se traduce en un significativo ahorro econ\u00f3mico para nuestros clientes. Adem\u00e1s, la eficiencia en la siembra mejora la uniformidad de los cultivos, asegurando una mayor productividad y facilitando las labores de mantenimiento.<\/p>\n\n\n\n<p>Al elegir nuestros servicios de siembra de cereales, usted invierte en la excelencia agr\u00edcola respaldada por la \u00faltima tecnolog\u00eda disponible. Nos comprometemos a ofrecer resultados superiores, optimizando el rendimiento de su cultivo y generando un retorno econ\u00f3mico que se traduce en un negocio agr\u00edcola m\u00e1s rentable y sostenible. Descubra c\u00f3mo nuestra experiencia y tecnolog\u00eda pueden llevar su siembra de cereales a nuevos niveles de \u00e9xito. Cont\u00e1ctenos hoy para iniciar una temporada de cultivo que maximice su inversi\u00f3n y coseche los beneficios de la eficiencia agr\u00edcola moderna.<\/p>\n\n\n\n<figure class=\"wp-block-embed is-type-video is-provider-youtube wp-block-embed-youtube wp-embed-aspect-16-9 wp-has-aspect-ratio\"><div class=\"wp-block-embed__wrapper\">\n<iframe loading=\"lazy\" title=\"SIEMBRA DE GARBANZOS  [John Deere 6130 R ] \ud83d\ude9c\" width=\"1200\" height=\"675\" src=\"https:\/\/www.youtube.com\/embed\/YdRUgAC7kSg?feature=oembed\" frameborder=\"0\" allow=\"accelerometer; autoplay; clipboard-write; encrypted-media; gyroscope; picture-in-picture; web-share\" allowfullscreen><\/iframe>\n<\/div><\/figure>\n","protected":false},"excerpt":{"rendered":"<p>Siembra de Cereales: Innovaci\u00f3n, Optimizaci\u00f3n y Ahorro Econ\u00f3mico en Cada Grano En nuestra plataforma de servicios agr\u00edcolas, nos enorgullece presentar nuestro servicio especializado de siembra de cereales, donde combinamos la tradici\u00f3n agr\u00edcola con la m\u00e1s avanzada tecnolog\u00eda. Nuestra maquinaria de siembra de \u00faltima generaci\u00f3n garantiza una distribuci\u00f3n precisa y uniforme de las semillas, optimizando cada &#8230; <a title=\"SIEMBRA DE CEREALES\" class=\"read-more\" href=\"https:\/\/serviciosagricolaselcortijuelo.es\/index.php\/siembra-de-cereales\/\" aria-label=\"Read more about SIEMBRA DE CEREALES\">Read more<\/a><\/p>\n","protected":false},"author":1,"featured_media":98,"parent":0,"menu_order":0,"comment_status":"closed","ping_status":"closed","template":"","meta":{"footnotes":""},"_links":{"self":[{"href":"https:\/\/serviciosagricolaselcortijuelo.es\/index.php\/wp-json\/wp\/v2\/pages\/65"}],"collection":[{"href":"https:\/\/serviciosagricolaselcortijuelo.es\/index.php\/wp-json\/wp\/v2\/pages"}],"about":[{"href":"https:\/\/serviciosagricolaselcortijuelo.es\/index.php\/wp-json\/wp\/v2\/types\/page"}],"author":[{"embeddable":true,"href":"https:\/\/serviciosagricolaselcortijuelo.es\/index.php\/wp-json\/wp\/v2\/users\/1"}],"replies":[{"embeddable":true,"href":"https:\/\/serviciosagricolaselcortijuelo.es\/index.php\/wp-json\/wp\/v2\/comments?post=65"}],"version-history":[{"count":1,"href":"https:\/\/serviciosagricolaselcortijuelo.es\/index.php\/wp-json\/wp\/v2\/pages\/65\/revisions"}],"predecessor-version":[{"id":66,"href":"https:\/\/serviciosagricolaselcortijuelo.es\/index.php\/wp-json\/wp\/v2\/pages\/65\/revisions\/66"}],"wp:featuredmedia":[{"embeddable":true,"href":"https:\/\/serviciosagricolaselcortijuelo.es\/index.php\/wp-json\/wp\/v2\/media\/98"}],"wp:attachment":[{"href":"https:\/\/serviciosagricolaselcortijuelo.es\/index.php\/wp-json\/wp\/v2\/media?parent=65"}],"curies":[{"name":"wp","href":"https:\/\/api.w.org\/{rel}","templated":true}]}}